{"id":1047,"date":"2021-02-01T09:53:45","date_gmt":"2021-02-01T14:53:45","guid":{"rendered":"http:\/\/sagecollection.ca\/home\/"},"modified":"2024-09-05T05:37:08","modified_gmt":"2024-09-05T09:37:08","slug":"accueil","status":"publish","type":"page","link":"https:\/\/collectionsage.ca\/fr\/accueil\/","title":{"rendered":"Accueil"},"content":{"rendered":"<p>[et_pb_section fb_built=&#8221;1&#8243; _builder_version=&#8221;4.16&#8243; _module_preset=&#8221;default&#8221; custom_padding=&#8221;||3px|||&#8221; global_colors_info=&#8221;{}&#8221;][et_pb_row _builder_version=&#8221;4.16&#8243; _module_preset=&#8221;default&#8221; global_colors_info=&#8221;{}&#8221;][et_pb_column type=&#8221;4_4&#8243; _builder_version=&#8221;4.16&#8243; _module_preset=&#8221;default&#8221; global_colors_info=&#8221;{}&#8221;][et_pb_text admin_label=&#8221;Sage is a community-driven space &#8230;&#8221; _builder_version=&#8221;4.16&#8243; _module_preset=&#8221;default&#8221; header_2_font_size=&#8221;22px&#8221; header_2_line_height=&#8221;1.4em&#8221; header_3_line_height=&#8221;1.4em&#8221; text_orientation=&#8221;center&#8221; global_colors_info=&#8221;{}&#8221;]<\/p>\n<h2>Sage est une <span style=\"color: #5c8007;\">communaut\u00e9 de partage des ressources<\/span> pour les prestataires de services canadiens dans le domaine du <span style=\"color: #5c8007;\">VIH et de l\u2019h\u00e9patite C<\/span> afin que ces derniers puissent <span style=\"color: #5c8007;\">partager<\/span> et archiver leurs ressources informatives num\u00e9riques et <span style=\"color: #5c8007;\">\u00e9tablir des liens<\/span> avec leurs pairs dans le domaine.<\/h2>\n<p>[\/et_pb_text][\/et_pb_column][\/et_pb_row][et_pb_row _builder_version=&#8221;4.16&#8243; _module_preset=&#8221;default&#8221; width_tablet=&#8221;&#8221; width_phone=&#8221;100%&#8221; width_last_edited=&#8221;on|phone&#8221; global_colors_info=&#8221;{}&#8221;][et_pb_column type=&#8221;4_4&#8243; _builder_version=&#8221;4.16&#8243; _module_preset=&#8221;default&#8221; global_colors_info=&#8221;{}&#8221;][dsm_icon_divider image=&#8221;https:\/\/sagecollection.ca\/wp-content\/uploads\/2021\/04\/arrows.png&#8221; image_max_width=&#8221;10%&#8221; color=&#8221;#000000&#8243; _builder_version=&#8221;4.16&#8243; _module_preset=&#8221;default&#8221; max_width=&#8221;35%&#8221; max_width_tablet=&#8221;&#8221; max_width_phone=&#8221;85%&#8221; max_width_last_edited=&#8221;on|phone&#8221; module_alignment=&#8221;center&#8221; global_colors_info=&#8221;{}&#8221;][\/dsm_icon_divider][\/et_pb_column][\/et_pb_row][\/et_pb_section][et_pb_section fb_built=&#8221;1&#8243; admin_label=&#8221;3 yellow boxes&#8221; _builder_version=&#8221;4.9.1&#8243; _module_preset=&#8221;default&#8221; background_enable_color=&#8221;off&#8221; global_module=&#8221;8400&#8243; saved_tabs=&#8221;all&#8221; locked=&#8221;off&#8221; global_colors_info=&#8221;{}&#8221;][et_pb_row column_structure=&#8221;1_3,1_3,1_3&#8243; make_equal=&#8221;on&#8221; _builder_version=&#8221;4.16&#8243; _module_preset=&#8221;default&#8221; global_colors_info=&#8221;{}&#8221;][et_pb_column type=&#8221;1_3&#8243; _builder_version=&#8221;4.16&#8243; _module_preset=&#8221;default&#8221; background_color=&#8221;#F6D103&#8243; border_radii=&#8221;on|10px|10px|10px|10px&#8221; global_colors_info=&#8221;{}&#8221; background__hover_enabled=&#8221;on|hover&#8221; background_color__hover=&#8221;#f5f5f5&#8243; background_enable_color__hover=&#8221;on&#8221;][et_pb_blurb url=&#8221;\/fr\/resources\/&#8221; use_icon=&#8221;on&#8221; font_icon=&#8221;&#xe054;||divi||400&#8243; icon_color=&#8221;#678F07&#8243; image_icon_width=&#8221;70px&#8221; admin_label=&#8221;Search&#8221; module_class=&#8221;yellow_box&#8221; _builder_version=&#8221;4.24.3&#8243; _module_preset=&#8221;default&#8221; header_font=&#8221;|700||on|||||&#8221; header_text_color=&#8221;#000000&#8243; header_font_size=&#8221;20px&#8221; body_text_color=&#8221;#000000&#8243; background_enable_color=&#8221;off&#8221; text_orientation=&#8221;center&#8221; custom_padding=&#8221;20px|20px|20px|20px|true|true&#8221; link_option_url=&#8221;\/fr\/resources\/&#8221; border_color_all=&#8221;#678F07&#8243; icon_font_size=&#8221;70px&#8221; global_colors_info=&#8221;{}&#8221; background__hover_enabled=&#8221;on|hover&#8221; background_color__hover=&#8221;#f5f5f5&#8243; background_enable_color__hover=&#8221;on&#8221;]<\/p>\n<p><strong>RECHERCHER<\/strong><\/p>\n<p>Faites une recherche dans la collection Sage pour trouver des ressources, des lignes directrices, des manuels, des politiques et des proc\u00e9dures ainsi que d\u2019autres ressources pour guider vos clients<\/p>\n<p>[\/et_pb_blurb][\/et_pb_column][et_pb_column type=&#8221;1_3&#8243; _builder_version=&#8221;4.16&#8243; _module_preset=&#8221;default&#8221; background_color=&#8221;#F6D103&#8243; border_radii=&#8221;on|10px|10px|10px|10px&#8221; global_colors_info=&#8221;{}&#8221; background__hover_enabled=&#8221;on|hover&#8221; background_color__hover=&#8221;#f5f5f5&#8243; background_enable_color__hover=&#8221;on&#8221;][et_pb_blurb url=&#8221;\/fr\/nos-collaborateurs\/&#8221; use_icon=&#8221;on&#8221; font_icon=&#8221;&#xe08b;||divi||400&#8243; icon_color=&#8221;#678F07&#8243; image_icon_width=&#8221;70px&#8221; module_class=&#8221;yellow_box&#8221; _builder_version=&#8221;4.24.3&#8243; _module_preset=&#8221;default&#8221; header_font=&#8221;|700||on|||||&#8221; header_text_color=&#8221;#000000&#8243; header_font_size=&#8221;20px&#8221; body_text_color=&#8221;#000000&#8243; background_color=&#8221;#F6D103&#8243; text_orientation=&#8221;center&#8221; custom_padding=&#8221;20px|20px|20px|20px|true|true&#8221; link_option_url=&#8221;\/fr\/nos-collaborateurs\/&#8221; border_color_all=&#8221;#678F07&#8243; icon_font_size=&#8221;70px&#8221; global_colors_info=&#8221;{}&#8221; background__hover_enabled=&#8221;on|hover&#8221; background_color__hover=&#8221;#f5f5f5&#8243; background_enable_color__hover=&#8221;on&#8221;]<\/p>\n<p><strong>COLLABORATEURS<\/strong><\/p>\n<p>Voyez les collaborateurs ayant ajout\u00e9 leurs ressources \u00e0 la collection Sage<\/p>\n<p>[\/et_pb_blurb][\/et_pb_column][et_pb_column type=&#8221;1_3&#8243; _builder_version=&#8221;4.16&#8243; _module_preset=&#8221;default&#8221; background_color=&#8221;#F6D103&#8243; border_radii=&#8221;on|10px|10px|10px|10px&#8221; global_colors_info=&#8221;{}&#8221; background__hover_enabled=&#8221;on|hover&#8221; background_color__hover=&#8221;#f5f5f5&#8243; background_enable_color__hover=&#8221;on&#8221;][et_pb_blurb url=&#8221;\/fr\/se-joindre-a-nous\/&#8221; use_icon=&#8221;on&#8221; font_icon=&#8221;&#xe041;||divi||400&#8243; icon_color=&#8221;#678F07&#8243; image_icon_width=&#8221;70px&#8221; module_class=&#8221;yellow_box&#8221; _builder_version=&#8221;4.24.3&#8243; _module_preset=&#8221;default&#8221; header_font=&#8221;|700||on|||||&#8221; header_text_color=&#8221;#000000&#8243; header_font_size=&#8221;20px&#8221; body_text_color=&#8221;#000000&#8243; background_color=&#8221;#F6D103&#8243; text_orientation=&#8221;center&#8221; custom_padding=&#8221;20px|20px|20px|20px|true|true&#8221; link_option_url=&#8221;\/fr\/se-joindre-a-nous\/&#8221; border_color_all=&#8221;#678F07&#8243; icon_font_size=&#8221;70px&#8221; global_colors_info=&#8221;{}&#8221; background__hover_enabled=&#8221;on|hover&#8221; background_color__hover=&#8221;#f5f5f5&#8243; background_enable_color__hover=&#8221;on&#8221;]<\/p>\n<p><strong>SE JOINDRE \u00c0 SAGE<\/strong><\/p>\n<p>Joignez-vous \u00e0 la communaut\u00e9 de Sage et ajoutez vos ressources \u00e0 la collection<\/p>\n<p>[\/et_pb_blurb][\/et_pb_column][\/et_pb_row][\/et_pb_section][et_pb_section fb_built=&#8221;1&#8243; _builder_version=&#8221;4.16&#8243; _module_preset=&#8221;default&#8221; background_color=&#8221;#f5f5f5&#8243; global_colors_info=&#8221;{}&#8221;][et_pb_row _builder_version=&#8221;4.16&#8243; _module_preset=&#8221;default&#8221; global_colors_info=&#8221;{}&#8221;][et_pb_column type=&#8221;4_4&#8243; _builder_version=&#8221;4.16&#8243; _module_preset=&#8221;default&#8221; global_colors_info=&#8221;{}&#8221;][et_pb_text admin_label=&#8221;RECENTLY ADDED RESOURCES&#8221; _builder_version=&#8221;4.16&#8243; _module_preset=&#8221;default&#8221; header_2_line_height=&#8221;1.4em&#8221; header_3_line_height=&#8221;1.4em&#8221; text_orientation=&#8221;center&#8221; global_colors_info=&#8221;{}&#8221;]<\/p>\n<h3>RESSOURCES R\u00c9CEMMENT AJOUT\u00c9ES<\/h3>\n<p>[\/et_pb_text][\/et_pb_column][\/et_pb_row][et_pb_row _builder_version=&#8221;4.16&#8243; _module_preset=&#8221;default&#8221; global_colors_info=&#8221;{}&#8221;][et_pb_column type=&#8221;4_4&#8243; _builder_version=&#8221;4.16&#8243; _module_preset=&#8221;default&#8221; global_colors_info=&#8221;{}&#8221;][dsm_icon_divider image=&#8221;https:\/\/sagecollection.ca\/wp-content\/uploads\/2021\/04\/arrows.png&#8221; image_max_width=&#8221;10%&#8221; color=&#8221;#000000&#8243; _builder_version=&#8221;4.16&#8243; _module_preset=&#8221;default&#8221; max_width=&#8221;35%&#8221; max_width_tablet=&#8221;&#8221; max_width_phone=&#8221;85%&#8221; max_width_last_edited=&#8221;on|phone&#8221; module_alignment=&#8221;center&#8221; global_colors_info=&#8221;{}&#8221;][\/dsm_icon_divider][\/et_pb_column][\/et_pb_row][et_pb_row column_structure=&#8221;1_2,1_2&#8243; disabled_on=&#8221;on|on|on&#8221; _builder_version=&#8221;4.16&#8243; _module_preset=&#8221;default&#8221; disabled=&#8221;on&#8221; global_colors_info=&#8221;{}&#8221;][et_pb_column type=&#8221;1_2&#8243; _builder_version=&#8221;4.16&#8243; _module_preset=&#8221;default&#8221; global_colors_info=&#8221;{}&#8221;][et_pb_code _builder_version=&#8221;4.16&#8243; _module_preset=&#8221;default&#8221; global_colors_info=&#8221;{}&#8221;]        <div class=\"homepage_recent\">\n                                <div class=\"home-recent-resources\">\n                        <h4 class=\"organization_title\">\n                            <a href=\"https:\/\/collectionsage.ca\/fr\/resource\/drug-testing-map-information-on-organizations-in-montreal-where-you-can-get-your-drugs-tested\/\">\n                                Drug Testing Map: Information on Organizations in Montreal Where You Can Get Your Drugs Tested                            <\/a>\n                        <\/h4>\n                                                    <strong>Organisme:  AIDS Community Care Montreal (ACCM)<\/strong><br\/>\n                                                                            <strong>Ann\u00e9e de publication :  2026<\/strong><br\/>\n                                                                    <\/div>\n                                    <div class=\"home-recent-resources\">\n                        <h4 class=\"organization_title\">\n                            <a href=\"https:\/\/collectionsage.ca\/fr\/resource\/education-for-prevention-volunteer-manual\/\">\n                                Education for Prevention: Volunteer Manual                            <\/a>\n                        <\/h4>\n                                                    <strong>Organisme:  AIDS Community Care Montreal (ACCM)<\/strong><br\/>\n                                                                            <strong>Ann\u00e9e de publication :  2021<\/strong><br\/>\n                                                                    <\/div>\n                                    <div class=\"home-recent-resources\">\n                        <h4 class=\"organization_title\">\n                            <a href=\"https:\/\/collectionsage.ca\/fr\/resource\/how-to-safely-inject-testosterone-estrogen-subq-a-primer-from-aids-community-care-montreals-education-department\/\">\n                                How to Safely Inject Testosterone &amp; Estrogen (SubQ) A Primer From AIDS Community Care Montreal\u2019s Education Department                            <\/a>\n                        <\/h4>\n                                                    <strong>Organisme:  AIDS Community Care Montreal (ACCM)<\/strong><br\/>\n                                                                            <strong>Ann\u00e9e de publication :  2025<\/strong><br\/>\n                                                                    <\/div>\n                        <\/div>\n    [\/et_pb_code][\/et_pb_column][et_pb_column type=&#8221;1_2&#8243; _builder_version=&#8221;4.16&#8243; _module_preset=&#8221;default&#8221; global_colors_info=&#8221;{}&#8221;][et_pb_code _builder_version=&#8221;4.16&#8243; _module_preset=&#8221;default&#8221; global_colors_info=&#8221;{}&#8221;]        <div class=\"homepage_recent\">\n                                <div class=\"home-recent-resources\">\n                        <h4 class=\"organization_title\">\n                            <a href=\"https:\/\/collectionsage.ca\/fr\/resource\/drug-testing-map-information-on-organizations-in-montreal-where-you-can-get-your-drugs-tested\/\">\n                                Drug Testing Map: Information on Organizations in Montreal Where You Can Get Your Drugs Tested                            <\/a>\n                        <\/h4>\n                                                    <strong>Organisme:  AIDS Community Care Montreal (ACCM)<\/strong><br\/>\n                                                                            <strong>Ann\u00e9e de publication :  2026<\/strong><br\/>\n                                                                    <\/div>\n                                    <div class=\"home-recent-resources\">\n                        <h4 class=\"organization_title\">\n                            <a href=\"https:\/\/collectionsage.ca\/fr\/resource\/education-for-prevention-volunteer-manual\/\">\n                                Education for Prevention: Volunteer Manual                            <\/a>\n                        <\/h4>\n                                                    <strong>Organisme:  AIDS Community Care Montreal (ACCM)<\/strong><br\/>\n                                                                            <strong>Ann\u00e9e de publication :  2021<\/strong><br\/>\n                                                                    <\/div>\n                                    <div class=\"home-recent-resources\">\n                        <h4 class=\"organization_title\">\n                            <a href=\"https:\/\/collectionsage.ca\/fr\/resource\/how-to-safely-inject-testosterone-estrogen-subq-a-primer-from-aids-community-care-montreals-education-department\/\">\n                                How to Safely Inject Testosterone &amp; Estrogen (SubQ) A Primer From AIDS Community Care Montreal\u2019s Education Department                            <\/a>\n                        <\/h4>\n                                                    <strong>Organisme:  AIDS Community Care Montreal (ACCM)<\/strong><br\/>\n                                                                            <strong>Ann\u00e9e de publication :  2025<\/strong><br\/>\n                                                                    <\/div>\n                        <\/div>\n    [\/et_pb_code][\/et_pb_column][\/et_pb_row][et_pb_row _builder_version=&#8221;4.16&#8243; _module_preset=&#8221;default&#8221; global_colors_info=&#8221;{}&#8221;][et_pb_column type=&#8221;4_4&#8243; _builder_version=&#8221;4.16&#8243; _module_preset=&#8221;default&#8221; global_colors_info=&#8221;{}&#8221;][et_pb_code _builder_version=&#8221;4.16&#8243; _module_preset=&#8221;default&#8221; global_colors_info=&#8221;{}&#8221;]        <div class=\"homepage_recent\">\n                                <div class=\"home-recent-resources\">\n                        <h4 class=\"organization_title\">\n                            <a href=\"https:\/\/collectionsage.ca\/fr\/resource\/drug-testing-map-information-on-organizations-in-montreal-where-you-can-get-your-drugs-tested\/\">\n                                Drug Testing Map: Information on Organizations in Montreal Where You Can Get Your Drugs Tested                            <\/a>\n                        <\/h4>\n                                                    <strong>Organisme:  AIDS Community Care Montreal (ACCM)<\/strong><br\/>\n                                                                            <strong>Ann\u00e9e de publication :  2026<\/strong><br\/>\n                                                                    <\/div>\n                                    <div class=\"home-recent-resources\">\n                        <h4 class=\"organization_title\">\n                            <a href=\"https:\/\/collectionsage.ca\/fr\/resource\/education-for-prevention-volunteer-manual\/\">\n                                Education for Prevention: Volunteer Manual                            <\/a>\n                        <\/h4>\n                                                    <strong>Organisme:  AIDS Community Care Montreal (ACCM)<\/strong><br\/>\n                                                                            <strong>Ann\u00e9e de publication :  2021<\/strong><br\/>\n                                                                    <\/div>\n                                    <div class=\"home-recent-resources\">\n                        <h4 class=\"organization_title\">\n                            <a href=\"https:\/\/collectionsage.ca\/fr\/resource\/how-to-safely-inject-testosterone-estrogen-subq-a-primer-from-aids-community-care-montreals-education-department\/\">\n                                How to Safely Inject Testosterone &amp; Estrogen (SubQ) A Primer From AIDS Community Care Montreal\u2019s Education Department                            <\/a>\n                        <\/h4>\n                                                    <strong>Organisme:  AIDS Community Care Montreal (ACCM)<\/strong><br\/>\n                                                                            <strong>Ann\u00e9e de publication :  2025<\/strong><br\/>\n                                                                    <\/div>\n                                    <div class=\"home-recent-resources\">\n                        <h4 class=\"organization_title\">\n                            <a href=\"https:\/\/collectionsage.ca\/fr\/resource\/how-to-safely-inject-testosterone-estrogen-im-a-primer-from-aids-community-care-montreals-education-department\/\">\n                                How to Safely Inject Testosterone &amp; Estrogen (IM) A Primer From AIDS Community Care Montreal\u2019s Education Department                            <\/a>\n                        <\/h4>\n                                                    <strong>Organisme:  AIDS Community Care Montreal (ACCM)<\/strong><br\/>\n                                                                            <strong>Ann\u00e9e de publication :  2025<\/strong><br\/>\n                                                                    <\/div>\n                                    <div class=\"home-recent-resources\">\n                        <h4 class=\"organization_title\">\n                            <a href=\"https:\/\/collectionsage.ca\/fr\/resource\/how-can-trans-people-have-safer-sex-a-primer-from-aids-community-care-montreals-education-department\/\">\n                                How Can Trans People Have Safer Sex? A Primer from AIDS Community Care Montreal\u2019s Education Department                            <\/a>\n                        <\/h4>\n                                                    <strong>Organisme:  AIDS Community Care Montreal (ACCM)<\/strong><br\/>\n                                                                            <strong>Ann\u00e9e de publication :  2025<\/strong><br\/>\n                                                                    <\/div>\n                                    <div class=\"home-recent-resources\">\n                        <h4 class=\"organization_title\">\n                            <a href=\"https:\/\/collectionsage.ca\/fr\/resource\/understanding-the-need-for-gender-responsive-harm-reduction-services-for-women-trans-and-non-binary-people-who-use-drugs-wtnb-pwud-a-community-report\/\">\n                                Understanding the need for gender-responsive harm reduction services for women, trans and non-binary people who use drugs (WTNB-PWUD): A community report                            <\/a>\n                        <\/h4>\n                                                                            <strong>Ann\u00e9e de publication :  2025<\/strong><br\/>\n                                                                            Women, trans, and non-binary people who use drugs (WTNB-PWUD) face gendered and intersecting barriers to accessing harm reduction and supervised injection services (SIS), including stigma, discriminat...                                            <\/div>\n                        <\/div>\n    [\/et_pb_code][\/et_pb_column][\/et_pb_row][et_pb_row _builder_version=&#8221;4.16&#8243; _module_preset=&#8221;default&#8221; global_colors_info=&#8221;{}&#8221;][et_pb_column type=&#8221;4_4&#8243; _builder_version=&#8221;4.16&#8243; _module_preset=&#8221;default&#8221; global_colors_info=&#8221;{}&#8221;][et_pb_button button_url=&#8221;http:\/\/sagecollection.ca\/fr\/resource&#8221; button_text=&#8221;Plus&#8221; button_alignment=&#8221;center&#8221; _builder_version=&#8221;4.16&#8243; _module_preset=&#8221;default&#8221; global_colors_info=&#8221;{}&#8221;][\/et_pb_button][\/et_pb_column][\/et_pb_row][\/et_pb_section]<\/p>\n","protected":false},"excerpt":{"rendered":"<p>Sage est une communaut\u00e9 de partage des ressources pour les prestataires de services canadiens dans le domaine du VIH et de l\u2019h\u00e9patite C afin que ces derniers puissent partager et archiver leurs ressources informatives num\u00e9riques et \u00e9tablir des liens avec leurs pairs dans le domaine.<div class=\"et_pb_module dsm_icon_divider dsm_icon_divider_0\">\n\t\t\t\t\n\t\t\t\t\n\t\t\t\t\n\t\t\t\t\n\t\t\t\t\n\t\t\t\t\n\t\t\t\t<div class=\"et_pb_module_inner\">\n\t\t\t\t\t<div class=\"dsm-icon-divider-wrapper dsm-icon-divider-align-center\">\n\t\t\t\t\n\t\t\t\t\n\t\t\t\t<div class=\"dsm-icon-divider-before dsm-divider\"><\/div>\n\t\t\t\t<div class=\"dsm-icon-divider-image\"><span class=\"dsm-icon-divider-image-wrap\"><img decoding=\"async\" src=\"\" alt=\"\" \/><\/span><\/div>\n\t\t\t\t<div class=\"dsm-icon-divider-after dsm-divider\"><\/div>\n\t\t\t<\/div>\n\t\t\t\t<\/div>\n\t\t\t<\/div><\/p>\n","protected":false},"author":2,"featured_media":0,"parent":0,"menu_order":1,"comment_status":"closed","ping_status":"closed","template":"","meta":{"_acf_changed":false,"_et_pb_use_builder":"on","_et_pb_old_content":"","_et_gb_content_width":"","_monsterinsights_skip_tracking":false,"_monsterinsights_sitenote_active":false,"_monsterinsights_sitenote_note":"","_monsterinsights_sitenote_category":0,"footnotes":""},"class_list":["post-1047","page","type-page","status-publish","hentry"],"acf":[],"_links":{"self":[{"href":"https:\/\/collectionsage.ca\/fr\/wp-json\/wp\/v2\/pages\/1047","targetHints":{"allow":["GET"]}}],"collection":[{"href":"https:\/\/collectionsage.ca\/fr\/wp-json\/wp\/v2\/pages"}],"about":[{"href":"https:\/\/collectionsage.ca\/fr\/wp-json\/wp\/v2\/types\/page"}],"author":[{"embeddable":true,"href":"https:\/\/collectionsage.ca\/fr\/wp-json\/wp\/v2\/users\/2"}],"replies":[{"embeddable":true,"href":"https:\/\/collectionsage.ca\/fr\/wp-json\/wp\/v2\/comments?post=1047"}],"version-history":[{"count":15,"href":"https:\/\/collectionsage.ca\/fr\/wp-json\/wp\/v2\/pages\/1047\/revisions"}],"predecessor-version":[{"id":11198,"href":"https:\/\/collectionsage.ca\/fr\/wp-json\/wp\/v2\/pages\/1047\/revisions\/11198"}],"wp:attachment":[{"href":"https:\/\/collectionsage.ca\/fr\/wp-json\/wp\/v2\/media?parent=1047"}],"curies":[{"name":"wp","href":"https:\/\/api.w.org\/{rel}","templated":true}]}}